{"id":111,"date":"2015-05-31T13:14:35","date_gmt":"2015-05-31T13:14:35","guid":{"rendered":"http:\/\/www.blossomy.it\/ita\/?page_id=111"},"modified":"2015-05-31T13:33:11","modified_gmt":"2015-05-31T13:33:11","slug":"cookies","status":"publish","type":"page","link":"https:\/\/www.blossomy.it\/ita\/cookies","title":{"rendered":"Cookies"},"content":{"rendered":"<p>Informativa e acquisizione del consenso per l\u2019uso dei cookie sul sito www.blossomy.it\u00a0ai sensi del Provvedimento n. 229 dell\u20198 maggio 2014 del Garante per la protezione dei dati personali.<\/p>\n<p><strong>COSA SONO I COOKIES?<\/strong><\/p>\n<p>Di seguito la definizione contenuta nel punto 1 della premessa al Provvedimento del Garante di cui sopra:<\/p>\n<p>\u201c Considerazioni preliminari. I cookie sono stringhe di testo di piccole dimensioni che i siti visitati dall\u2019utente inviano al suo terminale (solitamente al browser), dove vengono memorizzati per essere poi ritrasmessi agli stessi siti alla successiva visita del medesimo utente. Nel corso della navigazione su un sito, l\u2019utente pu\u00f2 ricevere sul suo terminale anche cookie che vengono inviati da siti o da web server diversi (c.d. \u201cterze parti\u201d), sui quali possono risiedere alcuni elementi (quali, ad esempio, immagini, mappe, suoni, specifici link a pagine di altri domini) presenti sul sito che lo stesso sta visitando.<\/p>\n<ol>\n<li>Cookie tecnici. I cookie tecnici sono quelli utilizzati al solo fine di \u201ceffettuare la trasmissione di una comunicazione su una rete di comunicazione elettronica, o nella misura strettamente necessaria al fornitore di un servizio della societ\u00e0 dell\u2019informazione esplicitamente richiesto dall\u2019abbonato o dall\u2019utente a erogare tale servizio\u201d (cfr. art. 122, comma 1, del Codice). Essi non vengono utilizzati per scopi ulteriori e sono normalmente installati direttamente dal titolare o gestore del sito web. Possono essere suddivisi in cookie di navigazione o di sessione, che garantiscono la normale navigazione e fruizione del sito web (permettendo, ad esempio, di realizzare un acquisto o autenticarsi per accedere ad aree riservate); cookie analytics, assimilati ai cookie tecnici laddove utilizzati direttamente dal gestore del sito per raccogliere informazioni, in forma aggregata, sul numero degli utenti e su come questi visitano il sito stesso; cookie di funzionalit\u00e0, che permettono all\u2019utente la navigazione in funzione di una serie di criteri selezionati (ad esempio, la lingua, i prodotti selezionati per l\u2019acquisto) al fine di migliorare il servizio reso allo stesso. Per l\u2019installazione di tali cookie non \u00e8 richiesto il preventivo consenso degli utenti, mentre resta fermo l\u2019obbligo di dare l\u2019informativa ai sensi dell\u2019art. 13 del Codice, che il gestore del sito, qualora utilizzi soltanto tali dispositivi, potr\u00e0 fornire con le modalit\u00e0 che ritiene pi\u00f9 idonee.<\/li>\n<li>Cookie di profilazione. I cookie di profilazione sono volti a creare profili relativi all\u2019utente e vengono utilizzati al fine di inviare messaggi pubblicitari in linea con le preferenze manifestate dallo stesso nell\u2019ambito della navigazione in rete. In ragione della particolare invasivit\u00e0 che tali dispositivi possono avere nell\u2019ambito della sfera privata degli utenti, la normativa europea e italiana prevede che l\u2019utente debba essere adeguatamente informato sull\u2019uso degli stessi ed esprimere cos\u00ec il proprio valido consenso. Ad essi si riferisce l\u2019art. 122 del Codice laddove prevede che \u201cl\u2019archiviazione delle informazioni nell\u2019apparecchio terminale di un contraente o di un utente o l\u2019accesso a informazioni gi\u00e0 archiviate sono consentiti unicamente a condizione che il contraente o l\u2019utente abbia espresso il proprio consenso dopo essere stato informato con le modalit\u00e0 semplificate di cui all\u2019art. 13, comma 3\u201d (art. 122, comma 1, del Codice) &#8220;.<\/li>\n<\/ol>\n<p>Di seguito vene riportata una breve illustrazione di come www.blossomy.it utilizza i cookies e strumenti simili<\/p>\n<p><strong>COOKIES DI NAVIGAZIONE<\/strong><\/p>\n<p>Questi cookies sono fondamentali per permetterti di muoverti all\u2019interno del sito e per usare le sue funzionalit\u00e0, quali ad esempio accedere alle aree riservate del sito internet. Senza questi cookies non possono essere forniti i servizi richiesti, come ad esempio il carrello acquisti o l\u2019e-billing. I cookies strettamente necessari sono utilizzati per memorizzare un identificatore univoco al fine di gestire e identificare l\u2019utente in quanto unico rispetto agli altri utenti che in quel momento stanno visitando il sito, in modo da fornire all\u2019utente un servizio coerente e preciso.<\/p>\n<p>Alcuni esempi comprendono:<\/p>\n<p>Il ricordo di precedenti azioni (per esempio testo inserito) durante la navigazione a ritroso verso una pagina nella medesima sessione;<br \/>\nGestione e passaggio di token di sicurezza a differenti servizi all\u2019interno di un sito internet per identificare lo status del visitatore (per esempio, registrato o non registrato);<br \/>\nMantenimento dei token per l\u2019implementazione di aree riservate del sito internet;<br \/>\nInstradamento dei clienti verso specifiche versioni\/applicazioni di un servizio, come potrebbe rendersi necessario durante una migrazione tecnica.<\/p>\n<p><strong>PERFORMANCE COOKIES<\/strong><\/p>\n<p>Questi cookies possono essere di prima parte www.blossomy.it o di terza partepartner, di sessione o persistenti, il loro utilizzo \u00e8 limitato alla performance e al miglioramento del sito internet. Questi cookies raccolgono informazioni su come un visitatore usa il sito, quali ad esempio le pagine visitate. Questi cookies non raccolgono informazioni che possono identificare l\u2019utente. Tutte le informazioni raccolte da questi cookies sono aggregate in forma anonima e sono utilizzate solo per migliorare la funzionalit\u00e0 del sito.<\/p>\n<p>Alcuni esempi comprendono:<\/p>\n<p>Web Analytics, i dati raccolti sono limitati solamente all\u2019utilizzo del sito internet da parte dell\u2019operatore, per gestire la performance e la struttura del sito. Questi cookies possono essere cookies di parte terza, ma le informazioni saranno usate esclusivamente da chi si occupa della pubblicazione del sito internet visitato;<br \/>\nTracciamento degli affiliati da parte di partner di www.blossomy.it \u2013 i cookies sono introdotti dai Partner e utilizzati da questi ultimi esclusivamente per sapere se utente proveniente da un altro sito ha eseguito l\u2019acquisto di un prodotto o servizio su www.blossomy.it;<br \/>\nGestione degli errori \u2013 Misurazione degli errori che si presentano sul sito, solitamente questa funzione supporter\u00e0 il miglioramento dei servizi o la gestione dei reclami e sar\u00e0 generalmente strettamente legata all\u2019analitica web;<br \/>\nTestare differenti strutture delle pagine del sito \u2014 Test sulle variazioni della struttura, usando solitamente test A\/B o multivariabili, per assicurare che nelle sessioni correnti e successive venga conservato un aspetto coerente per l\u2019utente del sito.<\/p>\n<p><strong>COOKIES FUNZIONALI<\/strong><\/p>\n<p>Questi cookies possono essere di www.blossomy.it o di partner, avere durata di sessione o persistenti. Questi cookies solitamente sono conseguenti ad un\u2019azione dell\u2019utente, ma possono essere implementati anche nella fornitura di un servizio non esplicitamente richiesto ma offerto all\u2019utente. Possono essere utilizzati anche per evitare che si offra di nuovo a quel dato utente un servizio in precedenza offerto e rifiutato. Inoltre, questi cookies permettono ai sito di ricordare le scelte dell\u2019utente (quali ad esempio nome utente, lingua, paese di origine, etc\u2026). Le informazioni raccolte da questi cookies sono anonime e non possono tracciare il comportamento dell\u2019utente su altri siti.<\/p>\n<p>Alcuni esempi comprendono:<\/p>\n<p>Ricordare le impostazioni che un utente ha applicato a un sito internet quali ad esempio layout, dimensione del font, preferenze, colore etc;<br \/>\nRicordare una scelta di modo che non venga pi\u00f9 richiesta la compilazione di un questionario;<br \/>\nRilevare se un servizio \u00e8 gi\u00e0 stato offerto, quale ad esempio offerta di un tutorial per visite successive del sito internet;<br \/>\nFornire informazioni in modo da permettere il funzionamento di un servizio opzionale quale ad esempio l\u2019offerta di una sessione in live chat;<br \/>\nAdempimento di una richiesta dell\u2019utente quale ad esempio presentazione di un commento.<\/p>\n<p><strong>COOKIE DI TERZE PARTI PER MARKETING\/RETARGETING<\/strong><\/p>\n<p>Questi cookie sono utilizzati da partner di www.blossomy.it, al fine di presentarti dei banner pubblicitari di www.blossomy.it quando ti trovi in altri siti, mostrandoti gli ultimi prodotti che hai guardato su www.blossomy.it. Mentre navighi su www.blossomy.it, questi cookie sono utilizzati anche per mostrarti prodotti che potrebbero interessarti o simili a quelli che hai guardato in precedenza, basandosi sulla tua cronologia di navigazione. L\u2019uso di questi cookie non implica il trattamento di dati personali, ma pu\u00f2 permettere la connessione al tuo computer o ad altri dispositivi e rintracciare i dati salvati: questi cookie si connettono al browser installato sul tuo computer o su altri dispositivi utilizzati durante la navigazione sul nostro sito.<\/p>\n<p><strong>COOKIES DI ANALISI:<\/strong><\/p>\n<p>Potete saperne di pi\u00f9 visitando questo link esterno:\u00a0<a href=\"https:\/\/tools.google.com\/dlpage\/gaoptout?hl=it%20\">https:\/\/tools.google.com\/dlpage\/gaoptout?hl=it<\/a><br \/>\nVisitate il seguente link per imparare a rifiutare o eliminare i cookies da parte di Google:<br \/>\n<a href=\"http:\/\/www.google.com\/intl\/en\/privacypolicy.html\">http:\/\/www.google.com\/intl\/en\/privacypolicy.html<\/a><br \/>\nVisitate il seguente link per prendere visione della privacy policy di Google:\u00a0<a href=\"http:\/\/www.google.co.uk\/intl\/en\/policies\/privacy\/\">http:\/\/www.google.co.uk\/intl\/en\/policies\/privacy\/<\/a><\/p>\n<p>Per utilizzare la funzione di shop on line ed ordinare prodotti presenti sul sito, \u00e8 necessario che i cookies funzionali siano abilitati. Se non vuoi accettare i cookies, potrai comunque navigare sul sito e usarlo per finalit\u00e0 di ricerca. In calce troverai le informazioni necessarie per modificare le impostazioni dei cookies sul tuo browser e selezionare\/deselezionare i cookies che intendi accettare.<\/p>\n<p>Ai sensi dell\u2019art. 122, comma 2, del Codice Privacy (Dlgs 196\/03) ti ricordiamo che hai la possibilit\u00e0 di manifestare le tue opzioni in merito all\u2019uso dei cookie da parte del sito anche attraverso le impostazioni del browser. Di seguito la procedura da eseguire per configurare tali impostazioni.<\/p>\n<p><strong>COME POSSO DISABILITARE I COOKIES?<\/strong><\/p>\n<p>La maggior parte dei browser accettano i cookies automaticamente, ma potete anche scegliere di non accettarli. Si consiglia di non disabilitare questa funzione, dal momento che ci\u00f2 potrebbe impedire di muoversi liberamente da una pagina all\u2019altra e di fruire di tutte le peculiarit\u00e0 del sito. Se non desiderate che il vostro computer riceva e memorizzi cookies, potete modificare le impostazioni di sicurezza del vostro browser (Internet Explorer, Google Chrome, Safari etc.). In ogni caso, si noti che determinate parti del nostro Sito possono essere utilizzate nella loro pienezza solo se il vostro browser accetta i cookies; in caso contrario, non sarete in grado di aggiungere prodotti al vostro carrello ed acquistarli (per esempio). Di conseguenza, la vostra scelta di rimuovere e non accettare cookies potr\u00e0 influenzare negativamente la vostra permanenza sul nostro Sito.<\/p>\n<p>Se desiderate modificare le impostazioni dei vostri cookies, entrando nelle impostazioni dei vari browser, di seguito si riportano brevi istruzioni su come effettuare questa operazione nei quattro browser pi\u00f9 diffusi:<\/p>\n<p>Microsoft Internet Explorer: Cliccare l\u2019icona \u2018Strumenti\u2019 nell\u2019angolo in alto a destra e selezionare \u2018Opzioni internet\u2019. Nella finestra pop up selezionare \u2018Privacy\u2019. Qui potrete regolare le impostazioni dei vostri cookies.<br \/>\nGoogle Chrome: Cliccare la chiave inglese nell\u2019angolo in alto a destra e selezionare \u2018Impostazioni\u2019. A questo punto selezionare \u2018Mostra impostazioni avanzate\u2019 (\u201cUnder the hood\u2019\u201d) e cambiare le impostazioni della \u2018Privacy\u2019.<br \/>\nMozilla Firefox: Dal menu a tendina nell\u2019angolo in alto a sinistra selezionare \u2018Opzioni\u2019. Nella finestra di pop up selezionare \u2018Privacy\u2019. Qui potrete regolare le impostazioni dei vostri cookies.<br \/>\nSafari: Dal menu di impostazione a tendina nell\u2019angolo in alto a destra selezionare \u2018Preferenze\u2019. Selezionare \u2018Sicurezza\u2019 e qui potrete regolare le impostazioni dei vostri cookies.<\/p>\n<p>Per saperne di pi\u00f9 riguardo ai cookie e come gestire o disabilitare quelli di terze parti o di marketing\/retargeting, visita www.youronlinechoices.com. Per disabilitare i cookie analitici e per impedire a Google Analytics di raccogliere dati sulla tua navigazione, puoi scaricare il Componente aggiuntivo del browser per la disattivazione di Google Analytics: https:\/\/tools.google.com\/dlpage\/gaoptout.<\/p>\n<p><span style=\"text-decoration: underline;\">AVVERTENZA<\/span><\/p>\n<p>I cookies tecnici vengono utilizzati senza necessit\u00e0 di consenso da parte dell\u2019utente, ma possono essere disabilitati. Per i cookies di profilazione \u00e8 necessario il consenso dell\u2019utente, che \u00e8 facoltativo. E\u2019 possibile negare il consenso all\u2019installazione dei cookie con le seguenti modalit\u00e0: COOKIES TECNICI: se desidera disabilitarli clicchi qui COOKIES DI PROFILAZIONE DI PRIMA PARTE (se presenti): se desidera accettare clicchi qui o di default si intenderanno non accettati.<\/p>\n","protected":false},"excerpt":{"rendered":"<p>Informativa e acquisizione del consenso per l\u2019uso dei cookie sul sito www.blossomy.it\u00a0ai sensi del Provvedimento n. 229 dell\u20198 maggio 2014 del Garante per la protezione dei dati personali. COSA SONO I COOKIES? Di seguito la definizione contenuta nel punto 1 della premessa al Provvedimento del Garante di cui sopra: \u201c Considerazioni preliminari. I cookie sono [&hellip;]<\/p>\n","protected":false},"author":1,"featured_media":0,"parent":0,"menu_order":0,"comment_status":"closed","ping_status":"open","template":"","meta":{"footnotes":""},"yoast_head":"<!-- This site is optimized with the Yoast SEO plugin v21.0 - https:\/\/yoast.com\/wordpress\/plugins\/seo\/ -->\n<title>Cookies - Blossomy<\/title>\n<meta name=\"robots\" content=\"index, follow, max-snippet:-1, max-image-preview:large, max-video-preview:-1\" \/>\n<link rel=\"canonical\" href=\"https:\/\/www.blossomy.it\/ita\/cookies\" \/>\n<meta property=\"og:locale\" content=\"en_US\" \/>\n<meta property=\"og:type\" content=\"article\" \/>\n<meta property=\"og:title\" content=\"Cookies - Blossomy\" \/>\n<meta property=\"og:description\" content=\"Informativa e acquisizione del consenso per l\u2019uso dei cookie sul sito www.blossomy.it\u00a0ai sensi del Provvedimento n. 229 dell\u20198 maggio 2014 del Garante per la protezione dei dati personali. COSA SONO I COOKIES? Di seguito la definizione contenuta nel punto 1 della premessa al Provvedimento del Garante di cui sopra: \u201c Considerazioni preliminari. I cookie sono [&hellip;]\" \/>\n<meta property=\"og:url\" content=\"https:\/\/www.blossomy.it\/ita\/cookies\" \/>\n<meta property=\"og:site_name\" content=\"Blossomy\" \/>\n<meta property=\"article:modified_time\" content=\"2015-05-31T13:33:11+00:00\" \/>\n<meta name=\"twitter:label1\" content=\"Est. reading time\" \/>\n\t<meta name=\"twitter:data1\" content=\"9 minutes\" \/>\n<script type=\"application\/ld+json\" class=\"yoast-schema-graph\">{\"@context\":\"https:\/\/schema.org\",\"@graph\":[{\"@type\":\"WebPage\",\"@id\":\"https:\/\/www.blossomy.it\/ita\/cookies\",\"url\":\"https:\/\/www.blossomy.it\/ita\/cookies\",\"name\":\"Cookies - Blossomy\",\"isPartOf\":{\"@id\":\"https:\/\/www.blossomy.it\/ita\/#website\"},\"datePublished\":\"2015-05-31T13:14:35+00:00\",\"dateModified\":\"2015-05-31T13:33:11+00:00\",\"breadcrumb\":{\"@id\":\"https:\/\/www.blossomy.it\/ita\/cookies#breadcrumb\"},\"inLanguage\":\"en-US\",\"potentialAction\":[{\"@type\":\"ReadAction\",\"target\":[\"https:\/\/www.blossomy.it\/ita\/cookies\"]}]},{\"@type\":\"BreadcrumbList\",\"@id\":\"https:\/\/www.blossomy.it\/ita\/cookies#breadcrumb\",\"itemListElement\":[{\"@type\":\"ListItem\",\"position\":1,\"name\":\"Home\",\"item\":\"https:\/\/www.blossomy.it\/ita\/\"},{\"@type\":\"ListItem\",\"position\":2,\"name\":\"Cookies\"}]},{\"@type\":\"WebSite\",\"@id\":\"https:\/\/www.blossomy.it\/ita\/#website\",\"url\":\"https:\/\/www.blossomy.it\/ita\/\",\"name\":\"Blossomy\",\"description\":\"Event creation &amp; planning\",\"potentialAction\":[{\"@type\":\"SearchAction\",\"target\":{\"@type\":\"EntryPoint\",\"urlTemplate\":\"https:\/\/www.blossomy.it\/ita\/?s={search_term_string}\"},\"query-input\":\"required name=search_term_string\"}],\"inLanguage\":\"en-US\"}]}<\/script>\n<!-- \/ Yoast SEO plugin. -->","yoast_head_json":{"title":"Cookies - Blossomy","robots":{"index":"index","follow":"follow","max-snippet":"max-snippet:-1","max-image-preview":"max-image-preview:large","max-video-preview":"max-video-preview:-1"},"canonical":"https:\/\/www.blossomy.it\/ita\/cookies","og_locale":"en_US","og_type":"article","og_title":"Cookies - Blossomy","og_description":"Informativa e acquisizione del consenso per l\u2019uso dei cookie sul sito www.blossomy.it\u00a0ai sensi del Provvedimento n. 229 dell\u20198 maggio 2014 del Garante per la protezione dei dati personali. COSA SONO I COOKIES? Di seguito la definizione contenuta nel punto 1 della premessa al Provvedimento del Garante di cui sopra: \u201c Considerazioni preliminari. I cookie sono [&hellip;]","og_url":"https:\/\/www.blossomy.it\/ita\/cookies","og_site_name":"Blossomy","article_modified_time":"2015-05-31T13:33:11+00:00","twitter_misc":{"Est. reading time":"9 minutes"},"schema":{"@context":"https:\/\/schema.org","@graph":[{"@type":"WebPage","@id":"https:\/\/www.blossomy.it\/ita\/cookies","url":"https:\/\/www.blossomy.it\/ita\/cookies","name":"Cookies - Blossomy","isPartOf":{"@id":"https:\/\/www.blossomy.it\/ita\/#website"},"datePublished":"2015-05-31T13:14:35+00:00","dateModified":"2015-05-31T13:33:11+00:00","breadcrumb":{"@id":"https:\/\/www.blossomy.it\/ita\/cookies#breadcrumb"},"inLanguage":"en-US","potentialAction":[{"@type":"ReadAction","target":["https:\/\/www.blossomy.it\/ita\/cookies"]}]},{"@type":"BreadcrumbList","@id":"https:\/\/www.blossomy.it\/ita\/cookies#breadcrumb","itemListElement":[{"@type":"ListItem","position":1,"name":"Home","item":"https:\/\/www.blossomy.it\/ita\/"},{"@type":"ListItem","position":2,"name":"Cookies"}]},{"@type":"WebSite","@id":"https:\/\/www.blossomy.it\/ita\/#website","url":"https:\/\/www.blossomy.it\/ita\/","name":"Blossomy","description":"Event creation &amp; planning","potentialAction":[{"@type":"SearchAction","target":{"@type":"EntryPoint","urlTemplate":"https:\/\/www.blossomy.it\/ita\/?s={search_term_string}"},"query-input":"required name=search_term_string"}],"inLanguage":"en-US"}]}},"_links":{"self":[{"href":"https:\/\/www.blossomy.it\/ita\/wp-json\/wp\/v2\/pages\/111"}],"collection":[{"href":"https:\/\/www.blossomy.it\/ita\/wp-json\/wp\/v2\/pages"}],"about":[{"href":"https:\/\/www.blossomy.it\/ita\/wp-json\/wp\/v2\/types\/page"}],"author":[{"embeddable":true,"href":"https:\/\/www.blossomy.it\/ita\/wp-json\/wp\/v2\/users\/1"}],"replies":[{"embeddable":true,"href":"https:\/\/www.blossomy.it\/ita\/wp-json\/wp\/v2\/comments?post=111"}],"version-history":[{"count":5,"href":"https:\/\/www.blossomy.it\/ita\/wp-json\/wp\/v2\/pages\/111\/revisions"}],"predecessor-version":[{"id":116,"href":"https:\/\/www.blossomy.it\/ita\/wp-json\/wp\/v2\/pages\/111\/revisions\/116"}],"wp:attachment":[{"href":"https:\/\/www.blossomy.it\/ita\/wp-json\/wp\/v2\/media?parent=111"}],"curies":[{"name":"wp","href":"https:\/\/api.w.org\/{rel}","templated":true}]}}